{"id":2,"date":"2014-12-21T20:54:09","date_gmt":"2014-12-21T18:54:09","guid":{"rendered":"http:\/\/loc.mauritz.de\/?page_id=2"},"modified":"2018-07-15T12:22:07","modified_gmt":"2018-07-15T11:22:07","slug":"uber-uns","status":"publish","type":"page","link":"https:\/\/www.mauritz.de\/blog\/uber-uns\/","title":{"rendered":"\u00dcber uns"},"content":{"rendered":"<p>MCE Mauritz Electronics e.K. wurde am 28. November 1974 zun\u00e4chst als \u201eFernsehschnelldienst Mauritz\u201c unter dem Aspekt gegr\u00fcndet, t\u00e4glich bis 22 Uhr Fernsehreparaturen vor Ort beim Kunden durchzuf\u00fchren oder, falls dies nicht m\u00f6glich war, kostenlos ein Leihger\u00e4t aufzustellen, bis der defekte Fernsehapparat aus der eigenen Werkstatt repariert zur\u00fcck gebracht werden konnte oder auf Kundenwunsch ein Marken-Neuger\u00e4t nach Beratung und Wahl des Kunden ausgeliefert werden konnte, sofern es nicht vorr\u00e4tig war. Weil von den anderen 5 Fachgesch\u00e4ften vor Ort keines meiner kundenfreundlichen Gesch\u00e4ftsidee gefolgt war, hat es mich gar nicht gewundert, dass 2 Jahre sp\u00e4ter nur noch 3 Fachbetriebe \u00fcbrig geblieben sind, als ich mein stetig ausgebautes Gesch\u00e4ft verkaufte. \u201eMauritz Computer &amp; Nachrichtentechnik\u201c wurde 1977 mein Folgeunternehmen mit neuen, interessanten und sehr vielseitigen Herausforderungen. Service von Gep\u00e4ckpr\u00fcfanlagen an Flugh\u00e4fen in zahlreichen L\u00e4ndern, bundesweiter Service und Ausbau von Gro\u00dfcomputern an Universit\u00e4ten, Max-Planck-Instituten, Fritz-Haber-Institut, BESSY, DKFZ um nur einige zu nennen, die heute noch zu den treuen Kunden geh\u00f6ren, zwar nicht mehr im Service vor Ort, daf\u00fcr in vielen anderen Bereichen. Auch wenn ich sehr viel unterwegs war, so blieb mir Zeit f\u00fcr mein Studium Elektrotechnik und Physik konnte ich auch noch abzweigen, dauerte jedoch arbeitsbedingt 2 Jahre l\u00e4nger, als wenn man sich nur mit den Studienzweigen befassen kann. Mit der Spezialisierung auf Entwicklung, Service und Handel mit Ladengesch\u00e4ft in Richtung auf Funktechnik, Wellenausbreitung, Antennentechnik und Kabelkonfektion folgte 1990 die Umbenennung auf \u201eMauritz Nachrichtentechnik\u201c. Nach Aufgabe des Ladengesch\u00e4fts und ausschlie\u00dflichem Verkauf \u00fcber das Internet ab 1999 wurde in 2 Gesch\u00e4ftsbereiche aufgeteilt. Der in \u201eMauritz Communication\u201c umbenannte Bereich besch\u00e4ftigte sich mit Entwicklung, Beratung und Kabelkonfektion. F\u00fcr den Handel und Service wurde die \u201eMauritz Electronics\u201c gegr\u00fcndet. 2001 wurden dann beide Betriebszweige zu \u201eMauritz Communication &amp; Electronics\u201c, kurz \u201eMCE\u201c zusammengefasst. Die Umwandlung in \u201eMCE Mauritz Electronics e.K.\u201c erfolgte zum 01.01.2018.<\/p>\n<p><strong>Fazit<\/strong><br \/>\nBedingt durch meine Schulzeit, in der ich meinen damaligen Direktor und Physiklehrer oft mit unliebsamen Fragen kam, die meistens nur in Beratung mit weiteren Lehrern beantwortet werden konnte, dann 1967 durch unseren unmittelbaren Nachbarn zum Amateurfunk kam und aus Hobby meinen Beruf machen konnte, verf\u00fcge ich durch die vielen Stationen, die ich in den Jahrzehnten durchlaufen habe, \u00fcber ein sehr breites Fachwissen in der Elektronik, besonders in der Hochfrequenztechnik, mit dem ich heute immer noch gerne so manch einem Entwicklungsingenieur oder auch Hilfesuchenden durch Anregungen und Impulse helfend zur Seite stehe. Jede Mitarbeiterin und jeder Mitarbeiter in meinem Betrieb ist an der richtigen Stelle platziert, auch wenn es manchmal zur Aussage kommt \u201eda muss ich erst einmal R\u00fcckfrage halten\u201c oder \u201eda muss ich mich erst einmal schlau machen\u201c. Sie d\u00fcrfen versichert sein, dass Sie bei uns von Spezialisten, die ihre Arbeit hervorragend machen, gut beraten sind.<\/p>\n","protected":false},"excerpt":{"rendered":"<p>MCE Mauritz Electronics e.K. wurde am 28. November 1974 zun\u00e4chst als \u201eFernsehschnelldienst Mauritz\u201c unter dem Aspekt gegr\u00fcndet, t\u00e4glich bis 22 Uhr Fernsehreparaturen vor Ort beim Kunden durchzuf\u00fchren oder, falls dies nicht m\u00f6glich war, kostenlos ein Leihger\u00e4t aufzustellen, bis der defekte &hellip; <a href=\"https:\/\/www.mauritz.de\/blog\/uber-uns\/\">Weiterlesen <span class=\"meta-nav\">&rarr;<\/span><\/a><\/p>\n","protected":false},"author":2,"featured_media":0,"parent":0,"menu_order":0,"comment_status":"open","ping_status":"closed","template":"","meta":[],"yoast_head":"<!-- This site is optimized with the Yoast SEO plugin v20.12 - https:\/\/yoast.com\/wordpress\/plugins\/seo\/ -->\n<title>\u00dcber uns - Mauritz<\/title>\n<meta name=\"description\" content=\"MCE Mauritz Electronics e.K. wurde am 28. November 1974 zun\u00e4chst als \u201eFernsehschnelldienst Mauritz\u201c unter dem Aspekt gegr\u00fcndet, t\u00e4glich bis 22 Uhr\" \/>\n<meta name=\"robots\" content=\"index, follow, max-snippet:-1, max-image-preview:large, max-video-preview:-1\" \/>\n<link rel=\"canonical\" href=\"https:\/\/www.mauritz.de\/blog\/uber-uns\/\" \/>\n<meta name=\"twitter:label1\" content=\"Gesch\u00e4tzte Lesezeit\" \/>\n\t<meta name=\"twitter:data1\" content=\"2\u00a0Minuten\" \/>\n<script type=\"application\/ld+json\" class=\"yoast-schema-graph\">{\"@context\":\"https:\/\/schema.org\",\"@graph\":[{\"@type\":\"WebPage\",\"@id\":\"https:\/\/www.mauritz.de\/blog\/uber-uns\/\",\"url\":\"https:\/\/www.mauritz.de\/blog\/uber-uns\/\",\"name\":\"\u00dcber uns - Mauritz\",\"isPartOf\":{\"@id\":\"https:\/\/www.mauritz.de\/blog\/#website\"},\"datePublished\":\"2014-12-21T18:54:09+00:00\",\"dateModified\":\"2018-07-15T11:22:07+00:00\",\"description\":\"MCE Mauritz Electronics e.K. wurde am 28. November 1974 zun\u00e4chst als \u201eFernsehschnelldienst Mauritz\u201c unter dem Aspekt gegr\u00fcndet, t\u00e4glich bis 22 Uhr\",\"breadcrumb\":{\"@id\":\"https:\/\/www.mauritz.de\/blog\/uber-uns\/#breadcrumb\"},\"inLanguage\":\"de\",\"potentialAction\":[{\"@type\":\"ReadAction\",\"target\":[\"https:\/\/www.mauritz.de\/blog\/uber-uns\/\"]}]},{\"@type\":\"BreadcrumbList\",\"@id\":\"https:\/\/www.mauritz.de\/blog\/uber-uns\/#breadcrumb\",\"itemListElement\":[{\"@type\":\"ListItem\",\"position\":1,\"name\":\"Startseite\",\"item\":\"https:\/\/www.mauritz.de\/blog\/\"},{\"@type\":\"ListItem\",\"position\":2,\"name\":\"\u00dcber uns\"}]},{\"@type\":\"WebSite\",\"@id\":\"https:\/\/www.mauritz.de\/blog\/#website\",\"url\":\"https:\/\/www.mauritz.de\/blog\/\",\"name\":\"Mauritz\",\"description\":\"Kabelkonfektion Steckverbinder Schrumpfschlauch Kabelbinder\",\"potentialAction\":[{\"@type\":\"SearchAction\",\"target\":{\"@type\":\"EntryPoint\",\"urlTemplate\":\"https:\/\/www.mauritz.de\/blog\/?s={search_term_string}\"},\"query-input\":\"required name=search_term_string\"}],\"inLanguage\":\"de\"}]}<\/script>\n<!-- \/ Yoast SEO plugin. -->","yoast_head_json":{"title":"\u00dcber uns - Mauritz","description":"MCE Mauritz Electronics e.K. wurde am 28. November 1974 zun\u00e4chst als \u201eFernsehschnelldienst Mauritz\u201c unter dem Aspekt gegr\u00fcndet, t\u00e4glich bis 22 Uhr","robots":{"index":"index","follow":"follow","max-snippet":"max-snippet:-1","max-image-preview":"max-image-preview:large","max-video-preview":"max-video-preview:-1"},"canonical":"https:\/\/www.mauritz.de\/blog\/uber-uns\/","twitter_misc":{"Gesch\u00e4tzte Lesezeit":"2\u00a0Minuten"},"schema":{"@context":"https:\/\/schema.org","@graph":[{"@type":"WebPage","@id":"https:\/\/www.mauritz.de\/blog\/uber-uns\/","url":"https:\/\/www.mauritz.de\/blog\/uber-uns\/","name":"\u00dcber uns - Mauritz","isPartOf":{"@id":"https:\/\/www.mauritz.de\/blog\/#website"},"datePublished":"2014-12-21T18:54:09+00:00","dateModified":"2018-07-15T11:22:07+00:00","description":"MCE Mauritz Electronics e.K. wurde am 28. November 1974 zun\u00e4chst als \u201eFernsehschnelldienst Mauritz\u201c unter dem Aspekt gegr\u00fcndet, t\u00e4glich bis 22 Uhr","breadcrumb":{"@id":"https:\/\/www.mauritz.de\/blog\/uber-uns\/#breadcrumb"},"inLanguage":"de","potentialAction":[{"@type":"ReadAction","target":["https:\/\/www.mauritz.de\/blog\/uber-uns\/"]}]},{"@type":"BreadcrumbList","@id":"https:\/\/www.mauritz.de\/blog\/uber-uns\/#breadcrumb","itemListElement":[{"@type":"ListItem","position":1,"name":"Startseite","item":"https:\/\/www.mauritz.de\/blog\/"},{"@type":"ListItem","position":2,"name":"\u00dcber uns"}]},{"@type":"WebSite","@id":"https:\/\/www.mauritz.de\/blog\/#website","url":"https:\/\/www.mauritz.de\/blog\/","name":"Mauritz","description":"Kabelkonfektion Steckverbinder Schrumpfschlauch Kabelbinder","potentialAction":[{"@type":"SearchAction","target":{"@type":"EntryPoint","urlTemplate":"https:\/\/www.mauritz.de\/blog\/?s={search_term_string}"},"query-input":"required name=search_term_string"}],"inLanguage":"de"}]}},"_links":{"self":[{"href":"https:\/\/www.mauritz.de\/blog\/wp-json\/wp\/v2\/pages\/2"}],"collection":[{"href":"https:\/\/www.mauritz.de\/blog\/wp-json\/wp\/v2\/pages"}],"about":[{"href":"https:\/\/www.mauritz.de\/blog\/wp-json\/wp\/v2\/types\/page"}],"author":[{"embeddable":true,"href":"https:\/\/www.mauritz.de\/blog\/wp-json\/wp\/v2\/users\/2"}],"replies":[{"embeddable":true,"href":"https:\/\/www.mauritz.de\/blog\/wp-json\/wp\/v2\/comments?post=2"}],"version-history":[{"count":5,"href":"https:\/\/www.mauritz.de\/blog\/wp-json\/wp\/v2\/pages\/2\/revisions"}],"predecessor-version":[{"id":4840,"href":"https:\/\/www.mauritz.de\/blog\/wp-json\/wp\/v2\/pages\/2\/revisions\/4840"}],"wp:attachment":[{"href":"https:\/\/www.mauritz.de\/blog\/wp-json\/wp\/v2\/media?parent=2"}],"curies":[{"name":"wp","href":"https:\/\/api.w.org\/{rel}","templated":true}]}}