{"id":1604,"date":"2011-06-15T14:33:42","date_gmt":"2011-06-15T14:33:42","guid":{"rendered":"https:\/\/www.mauritz.de\/blog\/?page_id=1604"},"modified":"2016-10-21T11:59:32","modified_gmt":"2016-10-21T10:59:32","slug":"tabelle-koaxialkabel","status":"publish","type":"page","link":"https:\/\/www.mauritz.de\/blog\/tabellen\/tabelle-koaxialkabel\/","title":{"rendered":"Koaxialkabel &#8211; D\u00e4mpfung und Belastbarkeit"},"content":{"rendered":"<h2>Koaxialkabel &#8211; D\u00e4mpfung und Belastbarkeit<\/h2>\n<table class=\"display largetable\" border=\"1\">\n<thead>\n<tr>\n<th align=\"center\">Typ<\/th>\n<th align=\"center\">10 MHz<\/th>\n<th align=\"center\">28 MHz<\/th>\n<th align=\"center\">50 Mhz<\/th>\n<th align=\"center\">100 MHz<\/th>\n<th align=\"center\">144 MHz<\/th>\n<th align=\"center\">435 MHz<\/th>\n<th align=\"center\">1000Mhz<\/th>\n<th align=\"center\">1296 MHz<\/th>\n<th align=\"center\">2320 MHz<\/th>\n<th align=\"center\">5 GHz<\/th>\n<th align=\"center\">10 GHz<\/th>\n<th align=\"center\">18 GHz<\/th>\n<\/tr>\n<\/thead>\n<tbody>\n<tr>\n<td align=\"center\"><a href=\"https:\/\/www.mauritz.de\/de\/koaxialkabel\/koaxialkabel-50-ohm\/rg-174-a-u-koaxialkabel-50-ohm\" target=\"_blank\">RG 174 \/U<\/a><\/td>\n<td align=\"center\">8 dB<\/td>\n<td align=\"center\">13,5 dB<br \/>\n220 W<\/td>\n<td align=\"center\">18,5 dB<br \/>\n165 W<\/td>\n<td align=\"center\">26.2 dB<br \/>\n115 W<\/td>\n<td align=\"center\">31.7 dB<br \/>\n100 W<\/td>\n<td align=\"center\">57.5 dB<br \/>\n55 W<\/td>\n<td align=\"center\">91 dB<br \/>\n35 W<\/td>\n<td align=\"center\"><\/td>\n<td align=\"center\"><\/td>\n<td align=\"center\"><\/td>\n<td align=\"center\"><\/td>\n<td align=\"center\"><\/td>\n<\/tr>\n<tr>\n<td align=\"center\"><a href=\"https:\/\/www.mauritz.de\/de\/koaxialkabel\/koaxialkabel-50-ohm\/rg-316-u-ptfe-koaxialkabel-50-ohm\" target=\"_blank\">RG 316 \/U<\/a><\/td>\n<td align=\"center\">7.8 dB<\/td>\n<td align=\"center\">13.2 dB<\/td>\n<td align=\"center\">17.8 dB<\/td>\n<td align=\"center\">25.4 dB<br \/>\n425 W<\/td>\n<td align=\"center\">30.8 dB<br \/>\n355 W<\/td>\n<td align=\"center\">55.2 dB<br \/>\n205 W<\/td>\n<td align=\"center\">87 dB<br \/>\n135 W<\/td>\n<td align=\"center\">101 dB<br \/>\n120 W<\/td>\n<td align=\"center\">140 dB<br \/>\n85 W<\/td>\n<td align=\"center\"><\/td>\n<td align=\"center\"><\/td>\n<td align=\"center\"><\/td>\n<\/tr>\n<tr>\n<td align=\"center\"><a href=\"https:\/\/www.mauritz.de\/de\/koaxialkabel\/koaxialkabel-50-ohm\/rg-58-c-u-koaxialkabel-50-ohm\" target=\"_blank\">RG 58 C\/U<\/a><\/td>\n<td align=\"center\">4.8 dB<\/td>\n<td align=\"center\">8.4 dB<\/td>\n<td align=\"center\">11 dB<br \/>\n470 W<\/td>\n<td align=\"center\">17 dB<br \/>\n330 W<\/td>\n<td align=\"center\">20.8 dB<br \/>\n275 W<\/td>\n<td align=\"center\">40.4 dB<br \/>\n160 W<\/td>\n<td align=\"center\">69 dB<br \/>\n105 W<\/td>\n<td align=\"center\"><\/td>\n<td align=\"center\"><\/td>\n<td align=\"center\"><\/td>\n<td align=\"center\"><\/td>\n<td align=\"center\"><\/td>\n<\/tr>\n<tr>\n<td align=\"center\"><a href=\"https:\/\/www.mauritz.de\/de\/koaxialkabel\/koaxialkabel-75-ohm\/koaxialkabel-rg-59-b-u-75-ohm\" target=\"_blank\">RG 59 B\/U<\/a><\/td>\n<td align=\"center\">3.2 dB<\/td>\n<td align=\"center\">5.4 dB<\/td>\n<td align=\"center\">7.3 dB<br \/>\n450 W<\/td>\n<td align=\"center\">10.5 dB<br \/>\n320 W<\/td>\n<td align=\"center\">12.8 dB<br \/>\n265 W<\/td>\n<td align=\"center\">23 dB<br \/>\n150 W<\/td>\n<td align=\"center\">37 dB<br \/>\n100 W<\/td>\n<td align=\"center\"><\/td>\n<td align=\"center\"><\/td>\n<td align=\"center\"><\/td>\n<td align=\"center\"><\/td>\n<td align=\"center\"><\/td>\n<\/tr>\n<tr>\n<td align=\"center\"><a href=\"https:\/\/www.mauritz.de\/de\/koaxialkabel\/koaxialkabel-50-ohm\/rg-213-u-koaxialkabel-50-ohm\" target=\"_blank\">RG 213 \/U<\/a><\/td>\n<td align=\"center\">1.7 dB<\/td>\n<td align=\"center\">3 dB<\/td>\n<td align=\"center\">4 dB<br \/>\n1.86 kW<\/td>\n<td align=\"center\">6 dB<br \/>\n1.31 kW<\/td>\n<td align=\"center\">7.2 dB<br \/>\n1.1 kW<\/td>\n<td align=\"center\">13.6 dB<br \/>\n630 W<\/td>\n<td align=\"center\">23 dB<br \/>\n415 W<\/td>\n<td align=\"center\"><\/td>\n<td align=\"center\"><\/td>\n<td align=\"center\"><\/td>\n<td align=\"center\"><\/td>\n<td align=\"center\"><\/td>\n<\/tr>\n<tr>\n<td align=\"center\"><a href=\"https:\/\/www.mauritz.de\/de\/koaxialkabel\/koaxialkabel-50-ohm\/rg-214-u-koaxialkabel-50-ohm\" target=\"_blank\">RG 214 \/U<\/a><\/td>\n<td align=\"center\">2 dB<\/td>\n<td align=\"center\">3.3 dB<\/td>\n<td align=\"center\">4.5 dB<br \/>\n1.4 kW<\/td>\n<td align=\"center\">6.6 dB<br \/>\n1 kW<\/td>\n<td align=\"center\">8.1 dB<br \/>\n850 W<\/td>\n<td align=\"center\">15.3 dB<br \/>\n490 W<\/td>\n<td align=\"center\">25.4 dB<br \/>\n325 W<\/td>\n<td align=\"center\">30 dB<br \/>\n285 W<\/td>\n<td align=\"center\">44 dB<br \/>\n215 W<\/td>\n<td align=\"center\">75 dB<br \/>\n145 W<\/td>\n<td align=\"center\"><\/td>\n<td align=\"center\"><\/td>\n<\/tr>\n<tr>\n<td align=\"center\">K02252-D<\/td>\n<td align=\"center\">7.9 dB<\/td>\n<td align=\"center\">13.3 dB<\/td>\n<td align=\"center\">18 dB<\/td>\n<td align=\"center\">26 dB<br \/>\n470 W<\/td>\n<td align=\"center\">31 dB<br \/>\n390 W<\/td>\n<td align=\"center\">56 dB<br \/>\n225 W<\/td>\n<td align=\"center\">88 dB<br \/>\n149 W<\/td>\n<td align=\"center\">102 dB<br \/>\n130 W<\/td>\n<td align=\"center\">142 dB<br \/>\n98 W<\/td>\n<td align=\"center\">225 dB<br \/>\n67 W<\/td>\n<td align=\"center\"><\/td>\n<td align=\"center\"><\/td>\n<\/tr>\n<tr>\n<td align=\"center\">Multiflex 141<\/td>\n<td align=\"center\">3.8 dB<\/td>\n<td align=\"center\">6.3 dB<\/td>\n<td align=\"center\">8.5 dB<\/td>\n<td align=\"center\">12 dB<\/td>\n<td align=\"center\">14.6 dB<\/td>\n<td align=\"center\">25.8 dB<br \/>\n565 W<\/td>\n<td align=\"center\">40 dB<br \/>\n373 W<\/td>\n<td align=\"center\">46 dB<br \/>\n327 W<\/td>\n<td align=\"center\">63 dB<br \/>\n245 W<\/td>\n<td align=\"center\">97 dB<br \/>\n167 W<\/td>\n<td align=\"center\">146 dB<br \/>\n118 W<\/td>\n<td align=\"center\">209 dB<br \/>\n88 W<\/td>\n<\/tr>\n<tr>\n<td align=\"center\"><a href=\"https:\/\/www.mauritz.de\/de\/koaxialkabel\/koaxialkabel-50-ohm\/koaxialkabel-h-155\" target=\"_blank\">H155<\/a><\/td>\n<td align=\"center\">3.0 dB<\/td>\n<td align=\"center\"><\/td>\n<td align=\"center\">6.5 dB<br \/>\n350 W<\/td>\n<td align=\"center\">9.3 dB<br \/>\n250 W<\/td>\n<td align=\"center\">11.2 dB<\/td>\n<td align=\"center\">20 dB<br \/>\n120 W<\/td>\n<td align=\"center\">30.9 dB<br \/>\n80 W<\/td>\n<td align=\"center\">35.2 dB<\/td>\n<td align=\"center\">48.8 dB<\/td>\n<td align=\"center\"><\/td>\n<td align=\"center\"><\/td>\n<td align=\"center\"><\/td>\n<\/tr>\n<tr>\n<td align=\"center\"><a href=\"https:\/\/www.mauritz.de\/de\/koaxialkabel\/koaxialkabel-50-ohm\/aircell-5-koaxialkabel-50-ohm\" target=\"_blank\">Aircell 5<\/a><\/td>\n<td align=\"center\">2.2 dB<br \/>\n1.6 kW<\/td>\n<td align=\"center\"><\/td>\n<td align=\"center\">4.9 dB<\/td>\n<td align=\"center\"><\/td>\n<td align=\"center\">11.8 dB<br \/>\n430 W<\/td>\n<td align=\"center\">21 dB<br \/>\n290 W<\/td>\n<td align=\"center\">32.8 dB<br \/>\n150 W<\/td>\n<td align=\"center\">37.5 dB<\/td>\n<td align=\"center\">53 dB<br \/>\n90 W<\/td>\n<td align=\"center\">81 dB<br \/>\n60 W<\/td>\n<td align=\"center\"><\/td>\n<td align=\"center\"><\/td>\n<\/tr>\n<tr>\n<td align=\"center\"><a href=\"https:\/\/www.mauritz.de\/de\/koaxialkabel\/koaxialkabel-50-ohm\/aircell-7-koaxialkabel-50-ohm-6-ghz\" target=\"_blank\">Aircell 7<\/a><\/td>\n<td align=\"center\">2.2 dB<br \/>\n2 kW<\/td>\n<td align=\"center\"><\/td>\n<td align=\"center\">4.5 dB<\/td>\n<td align=\"center\">6.3 dB<br \/>\n620 W<\/td>\n<td align=\"center\">7.6 dB<\/td>\n<td align=\"center\">13.6 dB<br \/>\n260 W<\/td>\n<td align=\"center\">21.5 dB<br \/>\n180 W<\/td>\n<td align=\"center\">24.8 dB<\/td>\n<td align=\"center\">34.5 dB<br \/>\n110 W<\/td>\n<td align=\"center\">57 dB<\/td>\n<td align=\"center\"><\/td>\n<td align=\"center\"><\/td>\n<\/tr>\n<tr>\n<td align=\"center\"><a href=\"https:\/\/www.mauritz.de\/de\/koaxialkabel\/koaxialkabel-50-ohm\/aircom-plus-koaxialkabel-50-ohm\" target=\"_blank\">Aircom Plus<\/a><\/td>\n<td align=\"center\">1.2 dB<br \/>\n3.98 kW<\/td>\n<td align=\"center\"><\/td>\n<td align=\"center\">2.6 dB<\/td>\n<td align=\"center\">3.8 dB<br \/>\n1.2 kW<\/td>\n<td align=\"center\">4.6 dB<\/td>\n<td align=\"center\">8.4 dB<br \/>\n510 W<\/td>\n<td align=\"center\">13.4 dB<br \/>\n340 W<\/td>\n<td align=\"center\">15.6 dB<\/td>\n<td align=\"center\">21.8 dB<br \/>\n160 W<\/td>\n<td align=\"center\">36 dB<\/td>\n<td align=\"center\">58 dB<\/td>\n<td align=\"center\"><\/td>\n<\/tr>\n<tr>\n<td align=\"center\"><a href=\"https:\/\/www.mauritz.de\/de\/koaxialkabel\/koaxialkabel-50-ohm\/koaxialkabel-h-2000-flex\" target=\"_blank\">H2000 Flex<\/a><\/td>\n<td align=\"center\"><\/td>\n<td align=\"center\">2.0 dB<br \/>\n3.8 kW<\/td>\n<td align=\"center\">2.7 dB<br \/>\n2.8 kW<\/td>\n<td align=\"center\">3.9 dB<br \/>\n2.0 kW<\/td>\n<td align=\"center\">4.8 dB<br \/>\n1.6 kW<\/td>\n<td align=\"center\">8.5 dB<br \/>\n0.9 kW<\/td>\n<td align=\"center\"><\/td>\n<td align=\"center\">15.7 dB<br \/>\n500 W<\/td>\n<td align=\"center\">21.8 dB<br \/>\n400 W<\/td>\n<td align=\"center\">35 dB<br \/>\n300 W<\/td>\n<td align=\"center\">54 dB<br \/>\n200 W<\/td>\n<td align=\"center\"><\/td>\n<\/tr>\n<tr>\n<td align=\"center\"><a href=\"https:\/\/www.mauritz.de\/de\/koaxialkabel\/koaxialkabel-50-ohm\/ecoflex-10-koaxialkabel-50-ohm-6-ghz\" target=\"_blank\">Ecoflex 10<\/a><\/td>\n<td align=\"center\">1.2 dB<br \/>\n3.96 kW<\/td>\n<td align=\"center\"><\/td>\n<td align=\"center\">2.8 dB<\/td>\n<td align=\"center\">4.0 dB<br \/>\n1.2 kW<\/td>\n<td align=\"center\">4.9 dB<\/td>\n<td align=\"center\">8.9 dB<br \/>\n510 W<\/td>\n<td align=\"center\">14.2 dB<br \/>\n350 W<\/td>\n<td align=\"center\">16.5 dB<\/td>\n<td align=\"center\">23 dB<\/td>\n<td align=\"center\">37 dB<br \/>\n130 W<\/td>\n<td align=\"center\"><\/td>\n<td align=\"center\"><\/td>\n<\/tr>\n<tr>\n<td align=\"center\"><a href=\"https:\/\/www.mauritz.de\/de\/koaxialkabel\/koaxialkabel-50-ohm\/ecoflex-15-koaxialkabel-50ohm\" target=\"_blank\">Ecoflex 15<\/a><\/td>\n<td align=\"center\">0.86 dB<br \/>\n6.45 kW<\/td>\n<td align=\"center\"><\/td>\n<td align=\"center\">1.96 dB<\/td>\n<td align=\"center\">2.8 dB<br \/>\n1.97 kW<\/td>\n<td align=\"center\">3.4 dB<\/td>\n<td align=\"center\">6.1 dB<br \/>\n830 W<\/td>\n<td align=\"center\">9.8 dB<br \/>\n560 W<\/td>\n<td align=\"center\">11.4 dB<\/td>\n<td align=\"center\">15.9 dB<\/td>\n<td align=\"center\">25.7 dB<\/td>\n<td align=\"center\"><\/td>\n<td align=\"center\"><\/td>\n<\/tr>\n<tr>\n<td align=\"center\">UT-85\/RG405 (Semi-Rigid)<\/td>\n<td align=\"center\"><\/td>\n<td align=\"center\"><\/td>\n<td align=\"center\"><\/td>\n<td align=\"center\"><\/td>\n<td align=\"center\"><\/td>\n<td align=\"center\">45 dB<br \/>\n230 W<\/td>\n<td align=\"center\">64 dB<br \/>\n160 W<\/td>\n<td align=\"center\"><\/td>\n<td align=\"center\"><\/td>\n<td align=\"center\">151 dB<br \/>\n69 W<\/td>\n<td align=\"center\">221 dB<br \/>\n48 W<\/td>\n<td align=\"center\">320 dB<br \/>\n32 W<\/td>\n<\/tr>\n<tr>\n<td align=\"center\">UT-141\/RG402 (Semi-Rigid)<\/td>\n<td align=\"center\"><\/td>\n<td align=\"center\"><\/td>\n<td align=\"center\"><\/td>\n<td align=\"center\"><\/td>\n<td align=\"center\"><\/td>\n<td align=\"center\">26 dB<br \/>\n600 W<\/td>\n<td align=\"center\">37 dB<br \/>\n415 W<\/td>\n<td align=\"center\"><\/td>\n<td align=\"center\"><\/td>\n<td align=\"center\">91 dB<br \/>\n174 W<\/td>\n<td align=\"center\">136 dB<br \/>\n117 W<\/td>\n<td align=\"center\">205 dB<br \/>\n79 W<\/td>\n<\/tr>\n<\/tbody>\n<\/table>\n<p>&nbsp;<\/p>\n<p style=\"font-size: 12px;\">D\u00e4mpfungswerte pro 100m<br \/>\nBelastbarkeit bei 20\u00b0 C<\/p>\n<p style=\"font-size: 12px;\"><b>Hinweis:<\/b> Alle Angaben wurden mit gr\u00f6\u00dfter Sorgfalt zusammengestellt und beruhen \u00fcberwiegend auf Datenbl\u00e4tter diverser Hersteller. Sie dienen nur als Anhaltspunkt. Irrtum vorbehalten. <b>Marken und Warenzeichen sind das Eigentum der jeweiligen Inhaber und in diesem Dokument nicht weiter gekennzeichnet! Wir machen uns diese nicht zu eigen! Sie dienen lediglich der Information!<\/b><\/p>\n","protected":false},"excerpt":{"rendered":"<p>Koaxialkabel &#8211; D\u00e4mpfung und Belastbarkeit Typ 10 MHz 28 MHz 50 Mhz 100 MHz 144 MHz 435 MHz 1000Mhz 1296 MHz 2320 MHz 5 GHz 10 GHz 18 GHz RG 174 \/U 8 dB 13,5 dB 220 W 18,5 dB &hellip; <a href=\"https:\/\/www.mauritz.de\/blog\/tabellen\/tabelle-koaxialkabel\/\">Weiterlesen <span class=\"meta-nav\">&rarr;<\/span><\/a><\/p>\n","protected":false},"author":2,"featured_media":0,"parent":1603,"menu_order":0,"comment_status":"open","ping_status":"open","template":"","meta":[],"yoast_head":"<!-- This site is optimized with the Yoast SEO plugin v20.12 - https:\/\/yoast.com\/wordpress\/plugins\/seo\/ -->\n<title>Koaxialkabel - D\u00e4mpfung und Belastbarkeit<\/title>\n<meta name=\"description\" content=\"Koaxialkabel - D\u00e4mpfung und Belastbarkeit, Koaxialkabel, D\u00e4mpfung, Belastbarkeit\" \/>\n<meta name=\"robots\" content=\"index, follow, max-snippet:-1, max-image-preview:large, max-video-preview:-1\" \/>\n<link rel=\"canonical\" href=\"https:\/\/www.mauritz.de\/blog\/tabellen\/tabelle-koaxialkabel\/\" \/>\n<meta name=\"twitter:label1\" content=\"Gesch\u00e4tzte Lesezeit\" \/>\n\t<meta name=\"twitter:data1\" content=\"2\u00a0Minuten\" \/>\n<script type=\"application\/ld+json\" class=\"yoast-schema-graph\">{\"@context\":\"https:\/\/schema.org\",\"@graph\":[{\"@type\":\"WebPage\",\"@id\":\"https:\/\/www.mauritz.de\/blog\/tabellen\/tabelle-koaxialkabel\/\",\"url\":\"https:\/\/www.mauritz.de\/blog\/tabellen\/tabelle-koaxialkabel\/\",\"name\":\"Koaxialkabel - D\u00e4mpfung und Belastbarkeit\",\"isPartOf\":{\"@id\":\"https:\/\/www.mauritz.de\/blog\/#website\"},\"datePublished\":\"2011-06-15T14:33:42+00:00\",\"dateModified\":\"2016-10-21T10:59:32+00:00\",\"description\":\"Koaxialkabel - D\u00e4mpfung und Belastbarkeit, Koaxialkabel, D\u00e4mpfung, Belastbarkeit\",\"breadcrumb\":{\"@id\":\"https:\/\/www.mauritz.de\/blog\/tabellen\/tabelle-koaxialkabel\/#breadcrumb\"},\"inLanguage\":\"de\",\"potentialAction\":[{\"@type\":\"ReadAction\",\"target\":[\"https:\/\/www.mauritz.de\/blog\/tabellen\/tabelle-koaxialkabel\/\"]}]},{\"@type\":\"BreadcrumbList\",\"@id\":\"https:\/\/www.mauritz.de\/blog\/tabellen\/tabelle-koaxialkabel\/#breadcrumb\",\"itemListElement\":[{\"@type\":\"ListItem\",\"position\":1,\"name\":\"Startseite\",\"item\":\"https:\/\/www.mauritz.de\/blog\/\"},{\"@type\":\"ListItem\",\"position\":2,\"name\":\"Tabellen\",\"item\":\"https:\/\/www.mauritz.de\/blog\/tabellen\/\"},{\"@type\":\"ListItem\",\"position\":3,\"name\":\"Koaxialkabel &#8211; D\u00e4mpfung und Belastbarkeit\"}]},{\"@type\":\"WebSite\",\"@id\":\"https:\/\/www.mauritz.de\/blog\/#website\",\"url\":\"https:\/\/www.mauritz.de\/blog\/\",\"name\":\"Mauritz\",\"description\":\"Kabelkonfektion Steckverbinder Schrumpfschlauch Kabelbinder\",\"potentialAction\":[{\"@type\":\"SearchAction\",\"target\":{\"@type\":\"EntryPoint\",\"urlTemplate\":\"https:\/\/www.mauritz.de\/blog\/?s={search_term_string}\"},\"query-input\":\"required name=search_term_string\"}],\"inLanguage\":\"de\"}]}<\/script>\n<!-- \/ Yoast SEO plugin. -->","yoast_head_json":{"title":"Koaxialkabel - D\u00e4mpfung und Belastbarkeit","description":"Koaxialkabel - D\u00e4mpfung und Belastbarkeit, Koaxialkabel, D\u00e4mpfung, Belastbarkeit","robots":{"index":"index","follow":"follow","max-snippet":"max-snippet:-1","max-image-preview":"max-image-preview:large","max-video-preview":"max-video-preview:-1"},"canonical":"https:\/\/www.mauritz.de\/blog\/tabellen\/tabelle-koaxialkabel\/","twitter_misc":{"Gesch\u00e4tzte Lesezeit":"2\u00a0Minuten"},"schema":{"@context":"https:\/\/schema.org","@graph":[{"@type":"WebPage","@id":"https:\/\/www.mauritz.de\/blog\/tabellen\/tabelle-koaxialkabel\/","url":"https:\/\/www.mauritz.de\/blog\/tabellen\/tabelle-koaxialkabel\/","name":"Koaxialkabel - D\u00e4mpfung und Belastbarkeit","isPartOf":{"@id":"https:\/\/www.mauritz.de\/blog\/#website"},"datePublished":"2011-06-15T14:33:42+00:00","dateModified":"2016-10-21T10:59:32+00:00","description":"Koaxialkabel - D\u00e4mpfung und Belastbarkeit, Koaxialkabel, D\u00e4mpfung, Belastbarkeit","breadcrumb":{"@id":"https:\/\/www.mauritz.de\/blog\/tabellen\/tabelle-koaxialkabel\/#breadcrumb"},"inLanguage":"de","potentialAction":[{"@type":"ReadAction","target":["https:\/\/www.mauritz.de\/blog\/tabellen\/tabelle-koaxialkabel\/"]}]},{"@type":"BreadcrumbList","@id":"https:\/\/www.mauritz.de\/blog\/tabellen\/tabelle-koaxialkabel\/#breadcrumb","itemListElement":[{"@type":"ListItem","position":1,"name":"Startseite","item":"https:\/\/www.mauritz.de\/blog\/"},{"@type":"ListItem","position":2,"name":"Tabellen","item":"https:\/\/www.mauritz.de\/blog\/tabellen\/"},{"@type":"ListItem","position":3,"name":"Koaxialkabel &#8211; D\u00e4mpfung und Belastbarkeit"}]},{"@type":"WebSite","@id":"https:\/\/www.mauritz.de\/blog\/#website","url":"https:\/\/www.mauritz.de\/blog\/","name":"Mauritz","description":"Kabelkonfektion Steckverbinder Schrumpfschlauch Kabelbinder","potentialAction":[{"@type":"SearchAction","target":{"@type":"EntryPoint","urlTemplate":"https:\/\/www.mauritz.de\/blog\/?s={search_term_string}"},"query-input":"required name=search_term_string"}],"inLanguage":"de"}]}},"_links":{"self":[{"href":"https:\/\/www.mauritz.de\/blog\/wp-json\/wp\/v2\/pages\/1604"}],"collection":[{"href":"https:\/\/www.mauritz.de\/blog\/wp-json\/wp\/v2\/pages"}],"about":[{"href":"https:\/\/www.mauritz.de\/blog\/wp-json\/wp\/v2\/types\/page"}],"author":[{"embeddable":true,"href":"https:\/\/www.mauritz.de\/blog\/wp-json\/wp\/v2\/users\/2"}],"replies":[{"embeddable":true,"href":"https:\/\/www.mauritz.de\/blog\/wp-json\/wp\/v2\/comments?post=1604"}],"version-history":[{"count":48,"href":"https:\/\/www.mauritz.de\/blog\/wp-json\/wp\/v2\/pages\/1604\/revisions"}],"predecessor-version":[{"id":4102,"href":"https:\/\/www.mauritz.de\/blog\/wp-json\/wp\/v2\/pages\/1604\/revisions\/4102"}],"up":[{"embeddable":true,"href":"https:\/\/www.mauritz.de\/blog\/wp-json\/wp\/v2\/pages\/1603"}],"wp:attachment":[{"href":"https:\/\/www.mauritz.de\/blog\/wp-json\/wp\/v2\/media?parent=1604"}],"curies":[{"name":"wp","href":"https:\/\/api.w.org\/{rel}","templated":true}]}}